{"id":293,"date":"2017-06-10T08:24:41","date_gmt":"2017-06-10T05:24:41","guid":{"rendered":"http:\/\/xtratheme.combusiness-2\/?page_id=6"},"modified":"2024-08-04T12:00:35","modified_gmt":"2024-08-04T12:00:35","slug":"about","status":"publish","type":"page","link":"https:\/\/pargin.org\/?page_id=293","title":{"rendered":"Derbar\u00ea Parg\u00een de"},"content":{"rendered":"\t\t<div data-elementor-type=\"wp-page\" data-elementor-id=\"293\" class=\"elementor elementor-293\">\n\t\t\t\t\t\t<section class=\"elementor-section elementor-top-section elementor-element elementor-element-7ded7a4 elementor-section-boxed elementor-section-height-default elementor-section-height-default\" data-id=\"7ded7a4\" data-element_type=\"section\" data-e-type=\"section\">\n\t\t\t\t\t\t<div class=\"elementor-container elementor-column-gap-default\">\n\t\t\t\t\t<div class=\"elementor-column elementor-col-100 elementor-top-column elementor-element elementor-element-29dfe82\" data-id=\"29dfe82\" data-element_type=\"column\" data-e-type=\"column\">\n\t\t\t<div class=\"elementor-widget-wrap elementor-element-populated\">\n\t\t\t\t\t\t<div class=\"elementor-element elementor-element-a48cb42 elementor-widget elementor-widget-cz_gap\" data-id=\"a48cb42\" data-element_type=\"widget\" data-e-type=\"widget\" data-widget_type=\"cz_gap.default\">\n\t\t\t\t<div class=\"elementor-widget-container\">\n\t\t\t\t\t<div class=\"cz_gap clr\"><\/div>\t\t\t\t<\/div>\n\t\t\t\t<\/div>\n\t\t\t\t\t<\/div>\n\t\t<\/div>\n\t\t\t\t\t<\/div>\n\t\t<\/section>\n\t\t\t\t<section class=\"elementor-section elementor-top-section elementor-element elementor-element-48d63b45 elementor-section-boxed elementor-section-height-default elementor-section-height-default\" data-id=\"48d63b45\" data-element_type=\"section\" data-e-type=\"section\">\n\t\t\t\t\t\t<div class=\"elementor-container elementor-column-gap-default\">\n\t\t\t\t\t<div class=\"elementor-column elementor-col-100 elementor-top-column elementor-element elementor-element-70afed6e\" data-id=\"70afed6e\" data-element_type=\"column\" data-e-type=\"column\">\n\t\t\t<div class=\"elementor-widget-wrap elementor-element-populated\">\n\t\t\t\t\t\t<div class=\"elementor-element elementor-element-262ce50c elementor-widget elementor-widget-cz_gap\" data-id=\"262ce50c\" data-element_type=\"widget\" data-e-type=\"widget\" data-widget_type=\"cz_gap.default\">\n\t\t\t\t<div class=\"elementor-widget-container\">\n\t\t\t\t\t<div class=\"cz_gap clr\"><\/div>\t\t\t\t<\/div>\n\t\t\t\t<\/div>\n\t\t\t\t\t<\/div>\n\t\t<\/div>\n\t\t\t\t\t<\/div>\n\t\t<\/section>\n\t\t\t\t<section class=\"elementor-section elementor-top-section elementor-element elementor-element-689d778 elementor-section-boxed elementor-section-height-default elementor-section-height-default\" data-id=\"689d778\" data-element_type=\"section\" data-e-type=\"section\">\n\t\t\t\t\t\t<div class=\"elementor-container elementor-column-gap-default\">\n\t\t\t\t\t<div class=\"elementor-column elementor-col-50 elementor-top-column elementor-element elementor-element-24b42e7\" data-id=\"24b42e7\" data-element_type=\"column\" data-e-type=\"column\">\n\t\t\t<div class=\"elementor-widget-wrap elementor-element-populated\">\n\t\t\t\t\t\t<div class=\"elementor-element elementor-element-d07b49b elementor-widget elementor-widget-cz_image\" data-id=\"d07b49b\" data-element_type=\"widget\" data-e-type=\"widget\" data-widget_type=\"cz_image.default\">\n\t\t\t\t<div class=\"elementor-widget-container\">\n\t\t\t\t\t\r\n\t\t<div class=\"cz_image clr cz_image_no_fx center_on_mobile\">\r\n\r\n\t\t\t<div class=\"cz_svg_bg\">\r\n\r\n\t\t\t\t<div class=\"cz_image_in\">\r\n\r\n\t\t\t\t\t<div class=\"cz_main_image\"><img fetchpriority=\"high\" decoding=\"async\" width=\"1600\" height=\"1199\" src=\"data:image\/svg+xml,%3Csvg%20xmlns%3D&#39;http%3A%2F%2Fwww.w3.org%2F2000%2Fsvg&#39;%20width=&#39;1600&#39;%20height=&#39;1199&#39;%20viewBox%3D&#39;0%200%201600%201199&#39;%2F%3E\" data-czlz data-src=\"https:\/\/pargin.org\/wp-content\/uploads\/2024\/08\/1.jpeg\" class=\"attachment-full size-full wp-image-2209\" alt=\"\" data-srcset=\"https:\/\/pargin.org\/wp-content\/uploads\/2024\/08\/1.jpeg 1600w, https:\/\/pargin.org\/wp-content\/uploads\/2024\/08\/1-300x225.jpeg 300w, https:\/\/pargin.org\/wp-content\/uploads\/2024\/08\/1-1024x767.jpeg 1024w, https:\/\/pargin.org\/wp-content\/uploads\/2024\/08\/1-768x576.jpeg 768w, https:\/\/pargin.org\/wp-content\/uploads\/2024\/08\/1-1536x1151.jpeg 1536w, https:\/\/pargin.org\/wp-content\/uploads\/2024\/08\/1-600x450.jpeg 600w, https:\/\/pargin.org\/wp-content\/uploads\/2024\/08\/1-1000x749.jpeg 1000w\" data-sizes=\"(max-width: 1600px) 100vw, 1600px\" \/><\/div>\r\n\r\n\t\t\t\t\t<div class=\"cz_hover_image\"><img fetchpriority=\"high\" decoding=\"async\" width=\"1600\" height=\"1199\" src=\"data:image\/svg+xml,%3Csvg%20xmlns%3D&#39;http%3A%2F%2Fwww.w3.org%2F2000%2Fsvg&#39;%20width=&#39;1600&#39;%20height=&#39;1199&#39;%20viewBox%3D&#39;0%200%201600%201199&#39;%2F%3E\" data-czlz data-src=\"https:\/\/pargin.org\/wp-content\/uploads\/2024\/08\/1.jpeg\" class=\"attachment-full size-full wp-image-2209\" alt=\"\" data-srcset=\"https:\/\/pargin.org\/wp-content\/uploads\/2024\/08\/1.jpeg 1600w, https:\/\/pargin.org\/wp-content\/uploads\/2024\/08\/1-300x225.jpeg 300w, https:\/\/pargin.org\/wp-content\/uploads\/2024\/08\/1-1024x767.jpeg 1024w, https:\/\/pargin.org\/wp-content\/uploads\/2024\/08\/1-768x576.jpeg 768w, https:\/\/pargin.org\/wp-content\/uploads\/2024\/08\/1-1536x1151.jpeg 1536w, https:\/\/pargin.org\/wp-content\/uploads\/2024\/08\/1-600x450.jpeg 600w, https:\/\/pargin.org\/wp-content\/uploads\/2024\/08\/1-1000x749.jpeg 1000w\" data-sizes=\"(max-width: 1600px) 100vw, 1600px\" \/><\/div>\r\n\t\t\t\t<\/div>\r\n\r\n\t\t\t\t\r\n\t\t\t<\/div>\r\n\r\n\t\t<\/div>\r\n\r\n\t\t\t\t\t\t<\/div>\n\t\t\t\t<\/div>\n\t\t\t\t\t<\/div>\n\t\t<\/div>\n\t\t\t\t<div class=\"elementor-column elementor-col-50 elementor-top-column elementor-element elementor-element-2eea76c\" data-id=\"2eea76c\" data-element_type=\"column\" data-e-type=\"column\">\n\t\t\t<div class=\"elementor-widget-wrap elementor-element-populated\">\n\t\t\t\t\t\t<div class=\"elementor-element elementor-element-6504605 elementor-widget elementor-widget-cz_gap\" data-id=\"6504605\" data-element_type=\"widget\" data-e-type=\"widget\" data-widget_type=\"cz_gap.default\">\n\t\t\t\t<div class=\"elementor-widget-container\">\n\t\t\t\t\t<div class=\"cz_gap clr\"><\/div>\t\t\t\t<\/div>\n\t\t\t\t<\/div>\n\t\t\t\t<div class=\"elementor-element elementor-element-c013be5 elementor-widget elementor-widget-cz_title\" data-id=\"c013be5\" data-element_type=\"widget\" data-e-type=\"widget\" data-widget_type=\"cz_title.default\">\n\t\t\t\t<div class=\"elementor-widget-container\">\n\t\t\t\t\t\t\r\n\t\t<div>\r\n\t\t\t<div class=\"cz_title clr cz_smart_fs cz_mobile_text_center cz_title_ba_line cz_title_pos_inline\"><div class=\"cz_title_shape shape_square cz_shape_1\"><\/div><div class=\"cz_title_content\"><div class=\"cz_wpe_content\"><h5>Em k\u00ee ne<\/h5>\n<\/div><div class=\"cz_title_line cz_line_after_title\"><span>_<\/span><\/div><\/div><\/div>\r\n\t\t<\/div>\r\n\t\t\r\n\t\t\t\t\t\t<\/div>\n\t\t\t\t<\/div>\n\t\t\t\t<div class=\"elementor-element elementor-element-40fd65c elementor-widget elementor-widget-cz_title\" data-id=\"40fd65c\" data-element_type=\"widget\" data-e-type=\"widget\" data-widget_type=\"cz_title.default\">\n\t\t\t\t<div class=\"elementor-widget-container\">\n\t\t\t\t\t\t\r\n\t\t<div>\r\n\t\t\t<div class=\"cz_title clr cz_mobile_text_center cz_title_pos_inline\"><div class=\"cz_title_content\"><div class=\"cz_wpe_content\"><h5>NAVENDA PARG\u00ceN A L\u00caKOL\u00ceN \u00db BELGEKIRIN\u00ca<\/h5>\n<p style=\"direction: rtl; text-align: left;\">Parg\u00een saziyeke \u00e7and \u00fb huner\u00ee ye di war\u00ea kelep\u00fbr \u00fb kevne\u015fopiyan de bi r\u00eabaz \u00fb \u015f\u00eawaz\u00ean zanist\u00ee l\u00eakol\u00een \u00fb belgekirin\u00ea dike. Parg\u00een kelep\u00fbr \u00fb kevne\u015fopiyan dikin clip \u00fb deng ji bo parastina \u00e7and \u00fb kelep\u00fbra gel\u00ean Rojava \u00fb ji bo \u00e7\u00eakirina pir \u00fb t\u00eakiliyan di navbera gel \u00fb nif\u015f\u00ean Rojava de \u00fb parastina \u00e7anda van gelan ji qirkirin \u00fb windab\u00fbn\u00ea dike.<\/p>\n<\/div><\/div><\/div>\r\n\t\t<\/div>\r\n\t\t\r\n\t\t\t\t\t\t<\/div>\n\t\t\t\t<\/div>\n\t\t\t\t\t<\/div>\n\t\t<\/div>\n\t\t\t\t\t<\/div>\n\t\t<\/section>\n\t\t\t\t<\/div>\n\t\t","protected":false},"excerpt":{"rendered":"<p>Em k\u00ee ne _ NAVENDA PARG\u00ceN A L\u00caKOL\u00ceN \u00db BELGEKIRIN\u00ca Parg\u00een &#8230; <\/p>\n","protected":false},"author":1,"featured_media":0,"parent":0,"menu_order":0,"comment_status":"closed","ping_status":"closed","template":"","meta":{"footnotes":""},"class_list":["post-293","page","type-page","status-publish","hentry"],"_links":{"self":[{"href":"https:\/\/pargin.org\/index.php?rest_route=\/wp\/v2\/pages\/293","targetHints":{"allow":["GET"]}}],"collection":[{"href":"https:\/\/pargin.org\/index.php?rest_route=\/wp\/v2\/pages"}],"about":[{"href":"https:\/\/pargin.org\/index.php?rest_route=\/wp\/v2\/types\/page"}],"author":[{"embeddable":true,"href":"https:\/\/pargin.org\/index.php?rest_route=\/wp\/v2\/users\/1"}],"replies":[{"embeddable":true,"href":"https:\/\/pargin.org\/index.php?rest_route=%2Fwp%2Fv2%2Fcomments&post=293"}],"version-history":[{"count":22,"href":"https:\/\/pargin.org\/index.php?rest_route=\/wp\/v2\/pages\/293\/revisions"}],"predecessor-version":[{"id":2221,"href":"https:\/\/pargin.org\/index.php?rest_route=\/wp\/v2\/pages\/293\/revisions\/2221"}],"wp:attachment":[{"href":"https:\/\/pargin.org\/index.php?rest_route=%2Fwp%2Fv2%2Fmedia&parent=293"}],"curies":[{"name":"wp","href":"https:\/\/api.w.org\/{rel}","templated":true}]}}